{"id":11,"date":"2017-02-28T16:22:22","date_gmt":"2017-02-28T15:22:22","guid":{"rendered":"http:\/\/maquette.toutfaire.fr\/wp\/WP\/?page_id=11"},"modified":"2022-09-16T15:48:16","modified_gmt":"2022-09-16T13:48:16","slug":"nos-services","status":"publish","type":"page","link":"https:\/\/lambert74.toutfaire.fr\/?page_id=11","title":{"rendered":"Nos Services"},"content":{"rendered":"<table>\n<tbody>\n<tr>\n<td width=\"70\"><img loading=\"lazy\" decoding=\"async\" class=\"alignnone wp-image-603 size-medium\" src=\"http:\/\/lambert74.toutfaire.fr\/wp-content\/uploads\/2022\/09\/PARTICULIERS_ET_PRO_FAIRE_-300x300.png\" alt=\"\" width=\"300\" height=\"300\" srcset=\"https:\/\/lambert74.toutfaire.fr\/wp-content\/uploads\/2022\/09\/PARTICULIERS_ET_PRO_FAIRE_-300x300.png 300w, https:\/\/lambert74.toutfaire.fr\/wp-content\/uploads\/2022\/09\/PARTICULIERS_ET_PRO_FAIRE_-1024x1024.png 1024w, https:\/\/lambert74.toutfaire.fr\/wp-content\/uploads\/2022\/09\/PARTICULIERS_ET_PRO_FAIRE_-150x150.png 150w, https:\/\/lambert74.toutfaire.fr\/wp-content\/uploads\/2022\/09\/PARTICULIERS_ET_PRO_FAIRE_-768x768.png 768w, https:\/\/lambert74.toutfaire.fr\/wp-content\/uploads\/2022\/09\/PARTICULIERS_ET_PRO_FAIRE_-1536x1536.png 1536w, https:\/\/lambert74.toutfaire.fr\/wp-content\/uploads\/2022\/09\/PARTICULIERS_ET_PRO_FAIRE_-2048x2048.png 2048w\" sizes=\"(max-width: 300px) 100vw, 300px\" \/><\/td>\n<td><b>VOUS ACCUEILLIR DU LUNDI AU SAMEDI<\/b><\/td>\n<td><i>Toute la semaine, tous les services de votre magasin TOUT FAIRE MATERIAUX sont \u00e0 votre disposition tout pr\u00e8s de chez vous. Pour les professionnels les plus exigeants, TOUT FAIRE MATERIAUX est toujours l\u00e0.<\/i><\/td>\n<\/tr>\n<tr>\n<td width=\"65\"><img loading=\"lazy\" decoding=\"async\" class=\"alignnone wp-image-602 size-medium\" src=\"http:\/\/lambert74.toutfaire.fr\/wp-content\/uploads\/2022\/09\/LIVRAISON_FAIRE_-300x300.png\" alt=\"\" width=\"300\" height=\"300\" srcset=\"https:\/\/lambert74.toutfaire.fr\/wp-content\/uploads\/2022\/09\/LIVRAISON_FAIRE_-300x300.png 300w, https:\/\/lambert74.toutfaire.fr\/wp-content\/uploads\/2022\/09\/LIVRAISON_FAIRE_-1024x1024.png 1024w, https:\/\/lambert74.toutfaire.fr\/wp-content\/uploads\/2022\/09\/LIVRAISON_FAIRE_-150x150.png 150w, https:\/\/lambert74.toutfaire.fr\/wp-content\/uploads\/2022\/09\/LIVRAISON_FAIRE_-768x768.png 768w, https:\/\/lambert74.toutfaire.fr\/wp-content\/uploads\/2022\/09\/LIVRAISON_FAIRE_-1536x1536.png 1536w, https:\/\/lambert74.toutfaire.fr\/wp-content\/uploads\/2022\/09\/LIVRAISON_FAIRE_-2048x2048.png 2048w\" sizes=\"(max-width: 300px) 100vw, 300px\" \/><\/td>\n<td><b>VOUS LIVRER SUR CHANTIER<\/b><\/td>\n<td><i>Vos mat\u00e9riaux livr\u00e9s sur votre chantier avec possibilit\u00e9 de d\u00e9chargement grue par nos chauffeurs-livreurs exp\u00e9riment\u00e9s du lundi au samedi matin.<\/i><\/td>\n<\/tr>\n<tr>\n<td width=\"65\"><img loading=\"lazy\" decoding=\"async\" class=\"alignnone wp-image-604 size-medium\" src=\"http:\/\/lambert74.toutfaire.fr\/wp-content\/uploads\/2022\/09\/CONSEILS_PERSONNALISE_S_FAIRE_-300x300.png\" alt=\"\" width=\"300\" height=\"300\" srcset=\"https:\/\/lambert74.toutfaire.fr\/wp-content\/uploads\/2022\/09\/CONSEILS_PERSONNALISE_S_FAIRE_-300x300.png 300w, https:\/\/lambert74.toutfaire.fr\/wp-content\/uploads\/2022\/09\/CONSEILS_PERSONNALISE_S_FAIRE_-1024x1024.png 1024w, https:\/\/lambert74.toutfaire.fr\/wp-content\/uploads\/2022\/09\/CONSEILS_PERSONNALISE_S_FAIRE_-150x150.png 150w, https:\/\/lambert74.toutfaire.fr\/wp-content\/uploads\/2022\/09\/CONSEILS_PERSONNALISE_S_FAIRE_-768x768.png 768w, https:\/\/lambert74.toutfaire.fr\/wp-content\/uploads\/2022\/09\/CONSEILS_PERSONNALISE_S_FAIRE_-1536x1536.png 1536w, https:\/\/lambert74.toutfaire.fr\/wp-content\/uploads\/2022\/09\/CONSEILS_PERSONNALISE_S_FAIRE_-2048x2048.png 2048w\" sizes=\"(max-width: 300px) 100vw, 300px\" \/><\/td>\n<td><b>VOUS CONSEILLER ET TROUVER DES SOLUTIONS<\/b><\/td>\n<td><i>Dans chacun de nos points de vente, des professionnels comp\u00e9tents connaissent parfaitement vos besoins et vos contraintes. Ils sont \u00e0 votre service pour trouver les meilleures r\u00e9ponses \u00e0 vos attentes.<\/i><\/td>\n<\/tr>\n<tr>\n<td width=\"65\">\n<p align=\"left\"><img loading=\"lazy\" decoding=\"async\" class=\"alignnone wp-image-605 size-medium\" src=\"http:\/\/lambert74.toutfaire.fr\/wp-content\/uploads\/2022\/09\/QUALITE__EXIGE_E_FAIRE__-300x300.png\" alt=\"\" width=\"300\" height=\"300\" srcset=\"https:\/\/lambert74.toutfaire.fr\/wp-content\/uploads\/2022\/09\/QUALITE__EXIGE_E_FAIRE__-300x300.png 300w, https:\/\/lambert74.toutfaire.fr\/wp-content\/uploads\/2022\/09\/QUALITE__EXIGE_E_FAIRE__-1024x1024.png 1024w, https:\/\/lambert74.toutfaire.fr\/wp-content\/uploads\/2022\/09\/QUALITE__EXIGE_E_FAIRE__-150x150.png 150w, https:\/\/lambert74.toutfaire.fr\/wp-content\/uploads\/2022\/09\/QUALITE__EXIGE_E_FAIRE__-768x768.png 768w, https:\/\/lambert74.toutfaire.fr\/wp-content\/uploads\/2022\/09\/QUALITE__EXIGE_E_FAIRE__-1536x1536.png 1536w, https:\/\/lambert74.toutfaire.fr\/wp-content\/uploads\/2022\/09\/QUALITE__EXIGE_E_FAIRE__-2048x2048.png 2048w\" sizes=\"(max-width: 300px) 100vw, 300px\" \/><\/p>\n<\/td>\n<td><b>VOUS PROPOSER LE MEILLEUR DE LA QUALIT\u00c9 AU MEILLEUR PRIX<\/b><\/td>\n<td>\n<div class=\"isoBlockPosition-none isoFloatClear-none fontFamilyStandardText fontSizeNormal fontColorStandardText \">\n<p align=\"left\"><i>Vos besoins, vos attentes, vos imp\u00e9ratifs sont uniques. TOUT FAIRE MATERIAUX les comprend et apporte la r\u00e9ponse qui vous correspond. Des professionnels \u00e0 votre \u00e9coute, dans tous les magasins TOUT FAIRE MATERIAUX.<\/i><\/p>\n<\/div>\n<\/td>\n<\/tr>\n<tr>\n<td width=\"65\"><\/td>\n<td><\/td>\n<td><\/td>\n<\/tr>\n<tr>\n<td width=\"65\"><\/td>\n<td><\/td>\n<td><\/td>\n<\/tr>\n<tr>\n<td width=\"65\"><\/td>\n<td><\/td>\n<td><\/td>\n<\/tr>\n<\/tbody>\n<\/table>\n","protected":false},"excerpt":{"rendered":"<p>VOUS ACCUEILLIR DU LUNDI AU SAMEDI Toute la semaine, tous les services de votre magasin TOUT FAIRE MATERIAUX sont \u00e0 votre disposition tout pr\u00e8s de chez vous. Pour les professionnels les plus exigeants, TOUT FAIRE MATERIAUX est toujours l\u00e0. VOUS LIVRER SUR CHANTIER Vos mat\u00e9riaux livr\u00e9s sur votre chantier avec possibilit\u00e9 de d\u00e9chargement grue par [&hellip;]<\/p>\n","protected":false},"author":1,"featured_media":0,"parent":0,"menu_order":0,"comment_status":"closed","ping_status":"closed","template":"","meta":{"footnotes":""},"class_list":["post-11","page","type-page","status-publish","hentry"],"_links":{"self":[{"href":"https:\/\/lambert74.toutfaire.fr\/index.php?rest_route=\/wp\/v2\/pages\/11"}],"collection":[{"href":"https:\/\/lambert74.toutfaire.fr\/index.php?rest_route=\/wp\/v2\/pages"}],"about":[{"href":"https:\/\/lambert74.toutfaire.fr\/index.php?rest_route=\/wp\/v2\/types\/page"}],"author":[{"embeddable":true,"href":"https:\/\/lambert74.toutfaire.fr\/index.php?rest_route=\/wp\/v2\/users\/1"}],"replies":[{"embeddable":true,"href":"https:\/\/lambert74.toutfaire.fr\/index.php?rest_route=%2Fwp%2Fv2%2Fcomments&post=11"}],"version-history":[{"count":24,"href":"https:\/\/lambert74.toutfaire.fr\/index.php?rest_route=\/wp\/v2\/pages\/11\/revisions"}],"predecessor-version":[{"id":606,"href":"https:\/\/lambert74.toutfaire.fr\/index.php?rest_route=\/wp\/v2\/pages\/11\/revisions\/606"}],"wp:attachment":[{"href":"https:\/\/lambert74.toutfaire.fr\/index.php?rest_route=%2Fwp%2Fv2%2Fmedia&parent=11"}],"curies":[{"name":"wp","href":"https:\/\/api.w.org\/{rel}","templated":true}]}}