{"id":439,"date":"2017-06-15T16:57:27","date_gmt":"2017-06-15T14:57:27","guid":{"rendered":"http:\/\/maquette.toutfaire.fr\/wp\/WP\/?page_id=439"},"modified":"2022-09-16T15:03:34","modified_gmt":"2022-09-16T13:03:34","slug":"historique","status":"publish","type":"page","link":"https:\/\/lambert74.toutfaire.fr\/?page_id=439","title":{"rendered":"Historique"},"content":{"rendered":"<h1>Historique<\/h1>\n<p><img loading=\"lazy\" decoding=\"async\" class=\"alignnone  wp-image-583\" src=\"http:\/\/lambert74.toutfaire.fr\/wp-content\/uploads\/2022\/09\/sans_titre_1-300x77.jpg\" alt=\"\" width=\"569\" height=\"146\" srcset=\"https:\/\/lambert74.toutfaire.fr\/wp-content\/uploads\/2022\/09\/sans_titre_1-300x77.jpg 300w, https:\/\/lambert74.toutfaire.fr\/wp-content\/uploads\/2022\/09\/sans_titre_1.jpg 617w\" sizes=\"(max-width: 569px) 100vw, 569px\" \/><\/p>\n<p><b>Lambert mat\u00e9riaux<\/b>\u00a0est une entreprise familiale, situ\u00e9e sur la commune de Marigny Saint Marcel, \u00e0 cot\u00e9 de Rumilly dans le d\u00e9partement de la Haute Savoie.<\/p>\n<p>\u00c0 3 minutes de l\u2019autoroute a41, nous sommes \u00e0 proximit\u00e9 d\u2019Annecy et d\u2019Aix les bains. A 1h de Lyon, des stations, de la Suisse et de l\u2019Italie.<\/p>\n<p>Lambert Mat\u00e9riaux est sp\u00e9cialis\u00e9 depuis des dizaines d\u2019ann\u00e9es, dans la d\u00e9coration et l\u2019am\u00e9nagement ext\u00e9rieur.<\/p>\n<p>Nous vous proposons un large choix afin d\u2019agr\u00e9menter vos jardins, patios, terrasses, cours. Nous commercialisons des pav\u00e9s, bordures, dallages, bornes, piliers, fontaines, bancs, jardini\u00e8res, table, bassins, barbecues \u2026<\/p>\n<p><img loading=\"lazy\" decoding=\"async\" class=\"alignnone  wp-image-584\" src=\"http:\/\/lambert74.toutfaire.fr\/wp-content\/uploads\/2022\/09\/sans_titre_2-300x77.jpg\" alt=\"\" width=\"577\" height=\"148\" srcset=\"https:\/\/lambert74.toutfaire.fr\/wp-content\/uploads\/2022\/09\/sans_titre_2-300x77.jpg 300w, https:\/\/lambert74.toutfaire.fr\/wp-content\/uploads\/2022\/09\/sans_titre_2.jpg 617w\" sizes=\"(max-width: 577px) 100vw, 577px\" \/><\/p>\n","protected":false},"excerpt":{"rendered":"<p>Historique Lambert mat\u00e9riaux\u00a0est une entreprise familiale, situ\u00e9e sur la commune de Marigny Saint Marcel, \u00e0 cot\u00e9 de Rumilly dans le d\u00e9partement de la Haute Savoie. \u00c0 3 minutes de l\u2019autoroute a41, nous sommes \u00e0 proximit\u00e9 d\u2019Annecy et d\u2019Aix les bains. A 1h de Lyon, des stations, de la Suisse et de l\u2019Italie. Lambert Mat\u00e9riaux est [&hellip;]<\/p>\n","protected":false},"author":1,"featured_media":0,"parent":448,"menu_order":0,"comment_status":"closed","ping_status":"closed","template":"","meta":{"footnotes":""},"class_list":["post-439","page","type-page","status-publish","hentry"],"_links":{"self":[{"href":"https:\/\/lambert74.toutfaire.fr\/index.php?rest_route=\/wp\/v2\/pages\/439"}],"collection":[{"href":"https:\/\/lambert74.toutfaire.fr\/index.php?rest_route=\/wp\/v2\/pages"}],"about":[{"href":"https:\/\/lambert74.toutfaire.fr\/index.php?rest_route=\/wp\/v2\/types\/page"}],"author":[{"embeddable":true,"href":"https:\/\/lambert74.toutfaire.fr\/index.php?rest_route=\/wp\/v2\/users\/1"}],"replies":[{"embeddable":true,"href":"https:\/\/lambert74.toutfaire.fr\/index.php?rest_route=%2Fwp%2Fv2%2Fcomments&post=439"}],"version-history":[{"count":5,"href":"https:\/\/lambert74.toutfaire.fr\/index.php?rest_route=\/wp\/v2\/pages\/439\/revisions"}],"predecessor-version":[{"id":587,"href":"https:\/\/lambert74.toutfaire.fr\/index.php?rest_route=\/wp\/v2\/pages\/439\/revisions\/587"}],"up":[{"embeddable":true,"href":"https:\/\/lambert74.toutfaire.fr\/index.php?rest_route=\/wp\/v2\/pages\/448"}],"wp:attachment":[{"href":"https:\/\/lambert74.toutfaire.fr\/index.php?rest_route=%2Fwp%2Fv2%2Fmedia&parent=439"}],"curies":[{"name":"wp","href":"https:\/\/api.w.org\/{rel}","templated":true}]}}