{"id":441,"date":"2017-06-15T16:57:53","date_gmt":"2017-06-15T14:57:53","guid":{"rendered":"http:\/\/maquette.toutfaire.fr\/wp\/WP\/?page_id=441"},"modified":"2022-09-16T15:44:08","modified_gmt":"2022-09-16T13:44:08","slug":"horaires-douverture","status":"publish","type":"page","link":"https:\/\/lambert74.toutfaire.fr\/?page_id=441","title":{"rendered":"Horaires d&rsquo;ouverture"},"content":{"rendered":"<h2>HORAIRES D\u2019OUVERTURE<\/h2>\n<div class=\"isoBlockPosition-none isoFloatClear-none fontFamilyStandardText fontSizeNormal fontColorStandardText \">\n<p style=\"text-align: left;\" align=\"center\">\n<b><\/b><\/p>\n<div class=\"isoBlockPosition-none isoFloatClear-none fontFamilyStandardText fontSizeNormal fontColorStandardText \">\n<p style=\"text-align: left;\" align=\"center\"><strong>LAMBERT MATERIAUX<\/strong><br \/>\n<strong>30 rue des Grives<\/strong><br \/>\n<strong>74 150 MARIGNY ST MARCEL<\/strong><\/p>\n<p><b>T\u00e9l.:<\/b>\u00a004.50.01.65.65<br \/>\n<b>Fax:<\/b>\u00a004.50.01.65.70<\/p>\n<\/div>\n<p style=\"text-align: left;\" align=\"center\"><b><a name=\"I000002e6\"><\/a><\/b><\/p>\n<\/div>\n<p><b>Horaires d&rsquo;\u00e9t\u00e9<\/b><\/p>\n<p><i><strong>Ouvert du lundi au vendredi<\/strong> : <\/i>7h10 &#8211; 11h45 et 13h30 &#8211; 18h00<br \/>\n<i><strong>le samedi :<\/strong>\u00a0<\/i>de 8h00 \u00e0 12h00<br \/>\n<i>Fermeture le samedi apr\u00e8s-midi et le dimanche toute la journ\u00e9e.<br \/>\n<\/i><br \/>\n<b>Horaires d&rsquo;hiver<br \/>\n<\/b><\/p>\n<p><i><strong>Ouvert du lundi au vendredi<\/strong> : <\/i>7h30 &#8211; 11h45 et 13h30 &#8211; 17h30<br \/>\n<i><strong>le samedi :<\/strong>\u00a0<\/i>de 8h00 \u00e0 12h00<br \/>\n<i>Fermeture le samedi apr\u00e8s-midi et le dimanche toute la journ\u00e9e.<\/i><\/p>\n","protected":false},"excerpt":{"rendered":"<p>HORAIRES D\u2019OUVERTURE LAMBERT MATERIAUX 30 rue des Grives 74 150 MARIGNY ST MARCEL T\u00e9l.:\u00a004.50.01.65.65 Fax:\u00a004.50.01.65.70 Horaires d&rsquo;\u00e9t\u00e9 Ouvert du lundi au vendredi : 7h10 &#8211; 11h45 et 13h30 &#8211; 18h00 le samedi :\u00a0de 8h00 \u00e0 12h00 Fermeture le samedi apr\u00e8s-midi et le dimanche toute la journ\u00e9e. Horaires d&rsquo;hiver Ouvert du lundi au vendredi : 7h30 [&hellip;]<\/p>\n","protected":false},"author":1,"featured_media":0,"parent":448,"menu_order":0,"comment_status":"closed","ping_status":"closed","template":"","meta":{"footnotes":""},"class_list":["post-441","page","type-page","status-publish","hentry"],"_links":{"self":[{"href":"https:\/\/lambert74.toutfaire.fr\/index.php?rest_route=\/wp\/v2\/pages\/441"}],"collection":[{"href":"https:\/\/lambert74.toutfaire.fr\/index.php?rest_route=\/wp\/v2\/pages"}],"about":[{"href":"https:\/\/lambert74.toutfaire.fr\/index.php?rest_route=\/wp\/v2\/types\/page"}],"author":[{"embeddable":true,"href":"https:\/\/lambert74.toutfaire.fr\/index.php?rest_route=\/wp\/v2\/users\/1"}],"replies":[{"embeddable":true,"href":"https:\/\/lambert74.toutfaire.fr\/index.php?rest_route=%2Fwp%2Fv2%2Fcomments&post=441"}],"version-history":[{"count":5,"href":"https:\/\/lambert74.toutfaire.fr\/index.php?rest_route=\/wp\/v2\/pages\/441\/revisions"}],"predecessor-version":[{"id":600,"href":"https:\/\/lambert74.toutfaire.fr\/index.php?rest_route=\/wp\/v2\/pages\/441\/revisions\/600"}],"up":[{"embeddable":true,"href":"https:\/\/lambert74.toutfaire.fr\/index.php?rest_route=\/wp\/v2\/pages\/448"}],"wp:attachment":[{"href":"https:\/\/lambert74.toutfaire.fr\/index.php?rest_route=%2Fwp%2Fv2%2Fmedia&parent=441"}],"curies":[{"name":"wp","href":"https:\/\/api.w.org\/{rel}","templated":true}]}}