{"id":608,"date":"2022-09-16T15:58:43","date_gmt":"2022-09-16T13:58:43","guid":{"rendered":"http:\/\/lambert74.toutfaire.fr\/?page_id=608"},"modified":"2022-09-20T16:44:20","modified_gmt":"2022-09-20T14:44:20","slug":"pierre-naturelle","status":"publish","type":"page","link":"https:\/\/lambert74.toutfaire.fr\/?page_id=608","title":{"rendered":"Pierre Naturelle"},"content":{"rendered":"\n<h3 class=\"wp-block-heading\">Pr\u00e9sentation<\/h3>\n\n\n\n<p><\/p>\n\n\n\n<p><strong>S\u00e9rieux et professionnalisme<\/strong>&nbsp;sont la base du succ\u00e8s de notre soci\u00e9t\u00e9.<br><strong>Sp\u00e9cialiste<\/strong>&nbsp;en pierres naturelles depuis des dizaines d\u2019ann\u00e9es, nous s\u00e9lectionnons pour notre client\u00e8le des produits de qualit\u00e9.&nbsp;<br>La pierre est une mati\u00e8re naturelle id\u00e9ale pour construire et d\u00e9corer. Notre but est de satisfaire nos clients en leur proposant&nbsp;<strong>les plus beaux produits<\/strong>&nbsp;afin de succomber \u00e0 leur projet et envie.&nbsp;Construire, rev\u00eatir, d\u00e9corer avec la pierre naturelle, c\u2019est choisir la&nbsp;<strong>qualit\u00e9<\/strong>, la&nbsp;<strong>beaut\u00e9<\/strong>&nbsp;et la&nbsp;<strong>durabilit\u00e9<\/strong>&nbsp;de votre r\u00e9alisation. Nous commercialisons des dallages, des paves, des bordures, fontaines, jardini\u00e8res &#8230;&nbsp;Nous travaillons directement avec les carri\u00e8res et ce \u00e0 travers l\u2019Europe et le monde afin de vous offrir une<strong>&nbsp;large gamme<\/strong>&nbsp;de rev\u00eatements en pierres naturelles. Nous vous&nbsp;<strong>conseillerons<\/strong>&nbsp;afin d\u2019agr\u00e9menter vos jardins et votre maison dans le but de leur conf\u00e9rer un cachet et une authenticit\u00e9. Qu\u2019il s\u2019agisse de d\u00e9corer l\u2019int\u00e9rieur de votre r\u00e9sidence avec ses pi\u00e8ces \u00e0 vivre et ses pi\u00e8ces d\u2019eau, ou d\u2019am\u00e9nager vos ext\u00e9rieurs \u2013 terrasse, piscine ou jardin \u2013 Lambert Mat\u00e9riaux est \u00e0 m\u00eame de vous apporter dans le style que vous recherchez, contemporain, moderne, ou classique\u2026la solution fonctionnelle et d\u00e9corative qui vous s\u00e9duira. La qualit\u00e9 et la diversit\u00e9 des produits que nous vous proposons sont le fruit d\u2019une longue exp\u00e9rience dans le m\u00e9tier, dans la recherche des meilleurs sites de production et dans la relation avec les hommes sur place.<\/p>\n\n\n\n<p>Pour accompagner cette politique de produits de qualit\u00e9, il faut des partenaires capables d\u2019en tirer la quintessence. C\u2019est pour cela qu\u2019artisans, architectes, d\u00e9corateurs, sont nos interlocuteurs au quotidien. Avec eux et pour votre compte nous avons assur\u00e9 depuis plusieurs ann\u00e9es de nombreux chantiers. Enfin et parce qu\u2019une enseigne, c\u2019est aussi une \u00e9quipe, tous les collaborateurs de Lambert Mat\u00e9riaux se proposent de vous aider et de vous guider dans vos choix pour que vos d\u00e9sirs deviennent r\u00e9alit\u00e9. Parce que choisir est difficile, leur savoir faire et leur exp\u00e9rience vous aideront.<br>Nous pouvons \u00e9galement r\u00e9aliser des produits&nbsp;<strong>sur mesure<\/strong>.&nbsp;Nous vous proposons un service logistique performant, semi, camion grue.<\/p>\n\n\n\n<p>Notre client\u00e8le se compose de particuliers mais aussi collectivit\u00e9s, entreprises de travaux publics, ma\u00e7ons, paysagistes\u2026<\/p>\n\n\n\n<div class=\"wp-block-buttons is-layout-flex wp-block-buttons-is-layout-flex\"><\/div>\n\n\n\n<div class=\"wp-block-columns is-layout-flex wp-container-core-columns-is-layout-1 wp-block-columns-is-layout-flex\">\n<div class=\"wp-block-column is-layout-flow wp-block-column-is-layout-flow\"><\/div>\n\n\n\n<div class=\"wp-block-column is-layout-flow wp-block-column-is-layout-flow\"><\/div>\n\n\n\n<div class=\"wp-block-column is-layout-flow wp-block-column-is-layout-flow\"><\/div>\n<\/div>\n","protected":false},"excerpt":{"rendered":"<p>Pr\u00e9sentation S\u00e9rieux et professionnalisme&nbsp;sont la base du succ\u00e8s de notre soci\u00e9t\u00e9.Sp\u00e9cialiste&nbsp;en pierres naturelles depuis des dizaines d\u2019ann\u00e9es, nous s\u00e9lectionnons pour notre client\u00e8le des produits de qualit\u00e9.&nbsp;La pierre est une mati\u00e8re naturelle id\u00e9ale pour construire et d\u00e9corer. Notre but est de satisfaire nos clients en leur proposant&nbsp;les plus beaux produits&nbsp;afin de succomber \u00e0 leur projet et [&hellip;]<\/p>\n","protected":false},"author":1,"featured_media":0,"parent":0,"menu_order":0,"comment_status":"closed","ping_status":"closed","template":"","meta":{"footnotes":""},"class_list":["post-608","page","type-page","status-publish","hentry"],"_links":{"self":[{"href":"https:\/\/lambert74.toutfaire.fr\/index.php?rest_route=\/wp\/v2\/pages\/608"}],"collection":[{"href":"https:\/\/lambert74.toutfaire.fr\/index.php?rest_route=\/wp\/v2\/pages"}],"about":[{"href":"https:\/\/lambert74.toutfaire.fr\/index.php?rest_route=\/wp\/v2\/types\/page"}],"author":[{"embeddable":true,"href":"https:\/\/lambert74.toutfaire.fr\/index.php?rest_route=\/wp\/v2\/users\/1"}],"replies":[{"embeddable":true,"href":"https:\/\/lambert74.toutfaire.fr\/index.php?rest_route=%2Fwp%2Fv2%2Fcomments&post=608"}],"version-history":[{"count":5,"href":"https:\/\/lambert74.toutfaire.fr\/index.php?rest_route=\/wp\/v2\/pages\/608\/revisions"}],"predecessor-version":[{"id":616,"href":"https:\/\/lambert74.toutfaire.fr\/index.php?rest_route=\/wp\/v2\/pages\/608\/revisions\/616"}],"wp:attachment":[{"href":"https:\/\/lambert74.toutfaire.fr\/index.php?rest_route=%2Fwp%2Fv2%2Fmedia&parent=608"}],"curies":[{"name":"wp","href":"https:\/\/api.w.org\/{rel}","templated":true}]}}