{"id":617,"date":"2022-09-20T17:08:09","date_gmt":"2022-09-20T15:08:09","guid":{"rendered":"http:\/\/lambert74.toutfaire.fr\/?page_id=617"},"modified":"2022-09-20T17:09:49","modified_gmt":"2022-09-20T15:09:49","slug":"pave","status":"publish","type":"page","link":"https:\/\/lambert74.toutfaire.fr\/?page_id=617","title":{"rendered":"Pav\u00e9"},"content":{"rendered":"\n<h1 class=\"wp-block-heading\">Pav\u00e9<\/h1>\n\n\n\n<p>Pour vos acc\u00e8s, routes, trottoirs, parkings, le pav\u00e9 s\u2019adapte facilement \u00e0 tout environnement, qu\u2019il soit ancien, contemporain ou classique. Le pav\u00e9 peut \u00eatre un support carrossable ou pi\u00e9tonnier, et \u00e9pouse les diff\u00e9rentes formes et pentes<\/p>\n\n\n\n<p>&#8211;&nbsp;PAVES GRANIT (plusieurs coloris, dimensions et finitions possibles)<br>&#8211;&nbsp;PAVES LUZERNE (plusieurs dimensions)<br>&#8211;&nbsp;PAVES PORPHYRE (plusieurs dimensions)<br>&#8211;&nbsp;PAVES QUARTZITE<br>&#8211;&nbsp;PAVES ANCIENS ou \u00ab&nbsp;DE RUE &nbsp;\u00bb (plusieurs coloris)<\/p>\n\n\n\n<p><strong><em>La pierre est un mat\u00e9riau naturel, elle pr\u00e9sente des variations de couleur, de veinage et de texture. Les photographies d\u00e9finissent la tonalit\u00e9 g\u00e9n\u00e9rale, mais n&rsquo;impliquent pas une parfaite identit\u00e9 d&rsquo;aspect avec la fourniture livr\u00e9e.<\/em><\/strong><\/p>\n\n\n\n<h4 class=\"wp-block-heading\"><strong>Pav\u00e9 porphyre<\/strong><\/h4>\n\n\n\n<figure class=\"wp-block-gallery has-nested-images columns-default is-cropped wp-block-gallery-1 is-layout-flex wp-block-gallery-is-layout-flex\">\n<figure class=\"wp-block-image size-large\"><img loading=\"lazy\" decoding=\"async\" width=\"300\" height=\"225\" data-id=\"621\" src=\"http:\/\/lambert74.toutfaire.fr\/wp-content\/uploads\/2022\/09\/site_016_300x0.jpg\" alt=\"\" class=\"wp-image-621\"\/><figcaption>Pav\u00e9 porphyre 1 Calibre 6\/8, 8\/10, 10\/12cm<\/figcaption><\/figure>\n\n\n\n<figure class=\"wp-block-image size-large\"><img loading=\"lazy\" decoding=\"async\" width=\"300\" height=\"225\" data-id=\"619\" src=\"http:\/\/lambert74.toutfaire.fr\/wp-content\/uploads\/2022\/09\/site_057_300x0.jpg\" alt=\"\" class=\"wp-image-619\"\/><figcaption>Pav\u00e9 porphyre 2 Calibre 6\/8, 8\/10, 10\/12cm<\/figcaption><\/figure>\n\n\n\n<figure class=\"wp-block-image size-large\"><img loading=\"lazy\" decoding=\"async\" width=\"300\" height=\"225\" data-id=\"622\" src=\"http:\/\/lambert74.toutfaire.fr\/wp-content\/uploads\/2022\/09\/site_100_300x0.png\" alt=\"\" class=\"wp-image-622\"\/><figcaption>Pav\u00e9 porphyre 3 Calibre 6\/8, 8\/10, 10\/12cm<\/figcaption><\/figure>\n\n\n\n<figure class=\"wp-block-image size-large\"><img loading=\"lazy\" decoding=\"async\" width=\"300\" height=\"218\" data-id=\"618\" src=\"http:\/\/lambert74.toutfaire.fr\/wp-content\/uploads\/2022\/09\/pave_porphyre_300x0.jpg\" alt=\"\" class=\"wp-image-618\"\/><figcaption>Pav\u00e9 porphyre 4 Calibre 6\/8, 8\/10, 10\/12cm<\/figcaption><\/figure>\n\n\n\n<figure class=\"wp-block-image size-large is-style-default\"><img loading=\"lazy\" decoding=\"async\" width=\"300\" height=\"216\" data-id=\"620\" src=\"http:\/\/lambert74.toutfaire.fr\/wp-content\/uploads\/2022\/09\/paves_porph_1_300x0.jpg\" alt=\"\" class=\"wp-image-620\"\/><figcaption>Pav\u00e9 porphyre 5 Calibre 6\/8, 8\/10, 10\/12cm<\/figcaption><\/figure>\n<\/figure>\n\n\n\n<h4 class=\"wp-block-heading\"><strong>Pav\u00e9 granit<\/strong><\/h4>\n\n\n\n<figure class=\"wp-block-gallery has-nested-images columns-default is-cropped wp-block-gallery-2 is-layout-flex wp-block-gallery-is-layout-flex\">\n<figure class=\"wp-block-image size-large\"><img loading=\"lazy\" decoding=\"async\" width=\"300\" height=\"225\" data-id=\"626\" src=\"http:\/\/lambert74.toutfaire.fr\/wp-content\/uploads\/2022\/09\/site_046_300x0.jpg\" alt=\"\" class=\"wp-image-626\"\/><figcaption>Pav\u00e9 granit tigr\u00e9 Calibre 8\/10cm<\/figcaption><\/figure>\n\n\n\n<figure class=\"wp-block-image size-large\"><img loading=\"lazy\" decoding=\"async\" width=\"300\" height=\"225\" data-id=\"628\" src=\"http:\/\/lambert74.toutfaire.fr\/wp-content\/uploads\/2022\/09\/site_047_300x0.png\" alt=\"\" class=\"wp-image-628\"\/><figcaption>Pav\u00e9 vielli granit jaune 15x15x8<\/figcaption><\/figure>\n\n\n\n<figure class=\"wp-block-image size-large\"><img loading=\"lazy\" decoding=\"async\" width=\"300\" height=\"225\" data-id=\"630\" src=\"http:\/\/lambert74.toutfaire.fr\/wp-content\/uploads\/2022\/09\/site_049_300x0.png\" alt=\"\" class=\"wp-image-630\"\/><figcaption>Pav\u00e9 vielli granit gris 15x15x8<\/figcaption><\/figure>\n\n\n\n<figure class=\"wp-block-image size-large\"><img loading=\"lazy\" decoding=\"async\" width=\"300\" height=\"225\" data-id=\"632\" src=\"http:\/\/lambert74.toutfaire.fr\/wp-content\/uploads\/2022\/09\/site_050_300x0.png\" alt=\"\" class=\"wp-image-632\"\/><figcaption>Pav\u00e9 vielli granit gris 15x15x8<\/figcaption><\/figure>\n\n\n\n<figure class=\"wp-block-image size-large\"><img loading=\"lazy\" decoding=\"async\" width=\"300\" height=\"225\" data-id=\"631\" src=\"http:\/\/lambert74.toutfaire.fr\/wp-content\/uploads\/2022\/09\/site_051_300x0.jpg\" alt=\"\" class=\"wp-image-631\"\/><figcaption>Pav\u00e9 vielli granit jaune 15x15x8<\/figcaption><\/figure>\n\n\n\n<figure class=\"wp-block-image size-large\"><img loading=\"lazy\" decoding=\"async\" width=\"300\" height=\"225\" data-id=\"633\" src=\"http:\/\/lambert74.toutfaire.fr\/wp-content\/uploads\/2022\/09\/site_052_300x0.png\" alt=\"\" class=\"wp-image-633\"\/><figcaption>Pav\u00e9 granit jaune bouchard\u00e9 10x10x8<\/figcaption><\/figure>\n\n\n\n<figure class=\"wp-block-image size-large\"><img loading=\"lazy\" decoding=\"async\" width=\"300\" height=\"225\" data-id=\"635\" src=\"http:\/\/lambert74.toutfaire.fr\/wp-content\/uploads\/2022\/09\/site_058_300x0.jpg\" alt=\"\" class=\"wp-image-635\"\/><figcaption>Pav\u00e9 granit jaune bouchard\u00e9 10x10x8<\/figcaption><\/figure>\n\n\n\n<figure class=\"wp-block-image size-large\"><img loading=\"lazy\" decoding=\"async\" width=\"300\" height=\"225\" data-id=\"629\" src=\"http:\/\/lambert74.toutfaire.fr\/wp-content\/uploads\/2022\/09\/pas_japonnais__granit_gris_rose__40x40_300x0.png\" alt=\"\" class=\"wp-image-629\"\/><figcaption>Pas japonnais granit gris rose 40&#215;40<\/figcaption><\/figure>\n\n\n\n<figure class=\"wp-block-image size-large\"><img loading=\"lazy\" decoding=\"async\" width=\"300\" height=\"225\" data-id=\"636\" src=\"http:\/\/lambert74.toutfaire.fr\/wp-content\/uploads\/2022\/09\/site_065_300x0.png\" alt=\"\" class=\"wp-image-636\"\/><figcaption>Pas japonais granit gris 40x40x4<\/figcaption><\/figure>\n\n\n\n<figure class=\"wp-block-image size-large\"><img loading=\"lazy\" decoding=\"async\" width=\"300\" height=\"225\" data-id=\"637\" src=\"http:\/\/lambert74.toutfaire.fr\/wp-content\/uploads\/2022\/09\/site_067_300x0.jpg\" alt=\"\" class=\"wp-image-637\"\/><figcaption>Pav\u00e9 granit jaune bouchard\u00e9 \/ sci\u00e9 Calibre 10x10x4 10x10x8<\/figcaption><\/figure>\n\n\n\n<figure class=\"wp-block-image size-large\"><img loading=\"lazy\" decoding=\"async\" width=\"300\" height=\"225\" data-id=\"639\" src=\"http:\/\/lambert74.toutfaire.fr\/wp-content\/uploads\/2022\/09\/site_101_300x0.png\" alt=\"\" class=\"wp-image-639\"\/><figcaption>Pav\u00e9 granit jaune Calibre 10x10x8<\/figcaption><\/figure>\n\n\n\n<figure class=\"wp-block-image size-large\"><img loading=\"lazy\" decoding=\"async\" width=\"300\" height=\"400\" data-id=\"634\" src=\"http:\/\/lambert74.toutfaire.fr\/wp-content\/uploads\/2022\/09\/site_053_300x0.jpg\" alt=\"\" class=\"wp-image-634\" srcset=\"https:\/\/lambert74.toutfaire.fr\/wp-content\/uploads\/2022\/09\/site_053_300x0.jpg 300w, https:\/\/lambert74.toutfaire.fr\/wp-content\/uploads\/2022\/09\/site_053_300x0-225x300.jpg 225w\" sizes=\"(max-width: 300px) 100vw, 300px\" \/><figcaption>Conditionnement des pav\u00e9s<\/figcaption><\/figure>\n\n\n\n<figure class=\"wp-block-image size-large\"><img loading=\"lazy\" decoding=\"async\" width=\"300\" height=\"225\" data-id=\"638\" src=\"http:\/\/lambert74.toutfaire.fr\/wp-content\/uploads\/2022\/09\/site_077_300x0.png\" alt=\"\" class=\"wp-image-638\"\/><figcaption>Pav\u00e9 granit<\/figcaption><\/figure>\n\n\n\n<figure class=\"wp-block-image size-thumbnail is-style-default\"><img loading=\"lazy\" decoding=\"async\" width=\"150\" height=\"120\" data-id=\"624\" src=\"http:\/\/lambert74.toutfaire.fr\/wp-content\/uploads\/2022\/09\/mosaiquesgrangris_1-150x120.jpg\" alt=\"\" class=\"wp-image-624\"\/><figcaption><br>Mosa\u00efque granit gris 7&#215;9 ou 9&#215;11<\/figcaption><\/figure>\n\n\n\n<figure class=\"wp-block-image size-large\"><img loading=\"lazy\" decoding=\"async\" width=\"300\" height=\"125\" data-id=\"625\" src=\"http:\/\/lambert74.toutfaire.fr\/wp-content\/uploads\/2022\/09\/sans_titre_15.png\" alt=\"\" class=\"wp-image-625\"\/><figcaption>Mosa\u00efques petit granit 8&#215;10<\/figcaption><\/figure>\n\n\n\n<figure class=\"wp-block-image size-large\"><img loading=\"lazy\" decoding=\"async\" width=\"773\" height=\"400\" data-id=\"627\" src=\"http:\/\/lambert74.toutfaire.fr\/wp-content\/uploads\/2022\/09\/panoramagransuedois.jpg\" alt=\"\" class=\"wp-image-627\" srcset=\"https:\/\/lambert74.toutfaire.fr\/wp-content\/uploads\/2022\/09\/panoramagransuedois.jpg 773w, https:\/\/lambert74.toutfaire.fr\/wp-content\/uploads\/2022\/09\/panoramagransuedois-300x155.jpg 300w, https:\/\/lambert74.toutfaire.fr\/wp-content\/uploads\/2022\/09\/panoramagransuedois-768x397.jpg 768w\" sizes=\"(max-width: 773px) 100vw, 773px\" \/><figcaption>Mosa\u00efques granit su\u00e9dois 8&#215;10<\/figcaption><\/figure>\n<\/figure>\n\n\n\n<h4 class=\"wp-block-heading\"><strong><strong>Pav\u00e9 quartzite<\/strong><\/strong><\/h4>\n\n\n\n<figure class=\"wp-block-gallery has-nested-images columns-default is-cropped wp-block-gallery-3 is-layout-flex wp-block-gallery-is-layout-flex\">\n<figure class=\"wp-block-image size-large\"><img loading=\"lazy\" decoding=\"async\" width=\"400\" height=\"300\" data-id=\"640\" src=\"http:\/\/lambert74.toutfaire.fr\/wp-content\/uploads\/2022\/09\/pave_quartzite_bresil_400x0.jpg\" alt=\"\" class=\"wp-image-640\" srcset=\"https:\/\/lambert74.toutfaire.fr\/wp-content\/uploads\/2022\/09\/pave_quartzite_bresil_400x0.jpg 400w, https:\/\/lambert74.toutfaire.fr\/wp-content\/uploads\/2022\/09\/pave_quartzite_bresil_400x0-300x225.jpg 300w\" sizes=\"(max-width: 400px) 100vw, 400px\" \/><figcaption>Pav\u00e9 quartzite Calibre 10x10x4<\/figcaption><\/figure>\n\n\n\n<figure class=\"wp-block-image size-large\"><img loading=\"lazy\" decoding=\"async\" width=\"400\" height=\"300\" data-id=\"641\" src=\"http:\/\/lambert74.toutfaire.fr\/wp-content\/uploads\/2022\/09\/site_088_400x0.png\" alt=\"\" class=\"wp-image-641\" srcset=\"https:\/\/lambert74.toutfaire.fr\/wp-content\/uploads\/2022\/09\/site_088_400x0.png 400w, https:\/\/lambert74.toutfaire.fr\/wp-content\/uploads\/2022\/09\/site_088_400x0-300x225.png 300w\" sizes=\"(max-width: 400px) 100vw, 400px\" \/><figcaption>Pav\u00e9 quartzite Calibre 10x10x4<\/figcaption><\/figure>\n<\/figure>\n\n\n\n<h4 class=\"wp-block-heading\"><strong>Pav\u00e9 gr\u00e8s<\/strong><\/h4>\n\n\n\n<figure class=\"wp-block-gallery has-nested-images columns-default is-cropped wp-block-gallery-4 is-layout-flex wp-block-gallery-is-layout-flex\">\n<figure class=\"wp-block-image size-large\"><img loading=\"lazy\" decoding=\"async\" width=\"773\" height=\"400\" data-id=\"647\" src=\"http:\/\/lambert74.toutfaire.fr\/wp-content\/uploads\/2022\/09\/grescondroz3.jpg\" alt=\"\" class=\"wp-image-647\" srcset=\"https:\/\/lambert74.toutfaire.fr\/wp-content\/uploads\/2022\/09\/grescondroz3.jpg 773w, https:\/\/lambert74.toutfaire.fr\/wp-content\/uploads\/2022\/09\/grescondroz3-300x155.jpg 300w, https:\/\/lambert74.toutfaire.fr\/wp-content\/uploads\/2022\/09\/grescondroz3-768x397.jpg 768w\" sizes=\"(max-width: 773px) 100vw, 773px\" \/><figcaption>Gr\u00e8s du Condroz<\/figcaption><\/figure>\n\n\n\n<figure class=\"wp-block-image size-large\"><img loading=\"lazy\" decoding=\"async\" width=\"300\" height=\"125\" data-id=\"644\" src=\"http:\/\/lambert74.toutfaire.fr\/wp-content\/uploads\/2022\/09\/grescondroz2.jpg\" alt=\"\" class=\"wp-image-644\"\/><figcaption>Gr\u00e8s du Condroz<\/figcaption><\/figure>\n\n\n\n<figure class=\"wp-block-image size-large\"><img loading=\"lazy\" decoding=\"async\" width=\"300\" height=\"125\" data-id=\"643\" src=\"http:\/\/lambert74.toutfaire.fr\/wp-content\/uploads\/2022\/09\/grescondroz1.gif\" alt=\"\" class=\"wp-image-643\"\/><figcaption>Gr\u00e8s du Condroz<\/figcaption><\/figure>\n\n\n\n<figure class=\"wp-block-image size-large\"><img loading=\"lazy\" decoding=\"async\" width=\"300\" height=\"125\" data-id=\"646\" src=\"http:\/\/lambert74.toutfaire.fr\/wp-content\/uploads\/2022\/09\/mosaiquesgrch2.jpg\" alt=\"\" class=\"wp-image-646\"\/><figcaption>Gr\u00e8s de Chine<\/figcaption><\/figure>\n\n\n\n<figure class=\"wp-block-image size-large\"><img loading=\"lazy\" decoding=\"async\" width=\"300\" height=\"125\" data-id=\"642\" src=\"http:\/\/lambert74.toutfaire.fr\/wp-content\/uploads\/2022\/09\/mosaiquesgrch.gif\" alt=\"\" class=\"wp-image-642\"\/><figcaption>Gr\u00e8s de Chine<\/figcaption><\/figure>\n\n\n\n<figure class=\"wp-block-image size-large\"><img loading=\"lazy\" decoding=\"async\" width=\"300\" height=\"125\" data-id=\"645\" src=\"http:\/\/lambert74.toutfaire.fr\/wp-content\/uploads\/2022\/09\/mosaiquesgrinbo.gif\" alt=\"\" class=\"wp-image-645\"\/><figcaption>Mosa\u00efques gr\u00e8s d&rsquo;Inde 8&#215;10 ou 10&#215;10 (gris ou ocre)<\/figcaption><\/figure>\n\n\n\n<figure class=\"wp-block-image size-large\"><img loading=\"lazy\" decoding=\"async\" width=\"773\" height=\"400\" data-id=\"649\" src=\"http:\/\/lambert74.toutfaire.fr\/wp-content\/uploads\/2022\/09\/mosaiquesgringris3.jpg\" alt=\"\" class=\"wp-image-649\" srcset=\"https:\/\/lambert74.toutfaire.fr\/wp-content\/uploads\/2022\/09\/mosaiquesgringris3.jpg 773w, https:\/\/lambert74.toutfaire.fr\/wp-content\/uploads\/2022\/09\/mosaiquesgringris3-300x155.jpg 300w, https:\/\/lambert74.toutfaire.fr\/wp-content\/uploads\/2022\/09\/mosaiquesgringris3-768x397.jpg 768w\" sizes=\"(max-width: 773px) 100vw, 773px\" \/><figcaption>Mosa\u00efques gr\u00e8s d&rsquo;Inde 8&#215;10 ou 10&#215;10 (gris ou ocre)<\/figcaption><\/figure>\n\n\n\n<figure class=\"wp-block-image size-large\"><img loading=\"lazy\" decoding=\"async\" width=\"300\" height=\"125\" data-id=\"648\" src=\"http:\/\/lambert74.toutfaire.fr\/wp-content\/uploads\/2022\/09\/mosaiquesgringris2.jpg\" alt=\"\" class=\"wp-image-648\"\/><figcaption>Mosa\u00efques gr\u00e8s d&rsquo;Inde 8&#215;10 ou 10&#215;10 (gris ou ocre)<\/figcaption><\/figure>\n<\/figure>\n\n\n\n<h4 class=\"wp-block-heading\"><strong>Pav\u00e9 ancien<\/strong><\/h4>\n\n\n\n<figure class=\"wp-block-gallery has-nested-images columns-default is-cropped wp-block-gallery-5 is-layout-flex wp-block-gallery-is-layout-flex\">\n<figure class=\"wp-block-image size-large\"><img loading=\"lazy\" decoding=\"async\" width=\"400\" height=\"300\" data-id=\"652\" src=\"http:\/\/lambert74.toutfaire.fr\/wp-content\/uploads\/2022\/09\/site_103_400x0.png\" alt=\"\" class=\"wp-image-652\" srcset=\"https:\/\/lambert74.toutfaire.fr\/wp-content\/uploads\/2022\/09\/site_103_400x0.png 400w, https:\/\/lambert74.toutfaire.fr\/wp-content\/uploads\/2022\/09\/site_103_400x0-300x225.png 300w\" sizes=\"(max-width: 400px) 100vw, 400px\" \/><figcaption>Pav\u00e9 terre cuite ancien<\/figcaption><\/figure>\n\n\n\n<figure class=\"wp-block-image size-large\"><img loading=\"lazy\" decoding=\"async\" width=\"400\" height=\"300\" data-id=\"651\" src=\"http:\/\/lambert74.toutfaire.fr\/wp-content\/uploads\/2022\/09\/site_105_400x0.png\" alt=\"\" class=\"wp-image-651\" srcset=\"https:\/\/lambert74.toutfaire.fr\/wp-content\/uploads\/2022\/09\/site_105_400x0.png 400w, https:\/\/lambert74.toutfaire.fr\/wp-content\/uploads\/2022\/09\/site_105_400x0-300x225.png 300w\" sizes=\"(max-width: 400px) 100vw, 400px\" \/><figcaption>Pav\u00e9 terre cuite ancien<\/figcaption><\/figure>\n\n\n\n<figure class=\"wp-block-image size-large\"><img loading=\"lazy\" decoding=\"async\" width=\"350\" height=\"466\" data-id=\"654\" src=\"http:\/\/lambert74.toutfaire.fr\/wp-content\/uploads\/2022\/09\/site_109_350x0.png\" alt=\"\" class=\"wp-image-654\" srcset=\"https:\/\/lambert74.toutfaire.fr\/wp-content\/uploads\/2022\/09\/site_109_350x0.png 350w, https:\/\/lambert74.toutfaire.fr\/wp-content\/uploads\/2022\/09\/site_109_350x0-225x300.png 225w\" sizes=\"(max-width: 350px) 100vw, 350px\" \/><\/figure>\n\n\n\n<figure class=\"wp-block-image size-large\"><img loading=\"lazy\" decoding=\"async\" width=\"400\" height=\"300\" data-id=\"653\" src=\"http:\/\/lambert74.toutfaire.fr\/wp-content\/uploads\/2022\/09\/site_110_400x0.png\" alt=\"\" class=\"wp-image-653\" srcset=\"https:\/\/lambert74.toutfaire.fr\/wp-content\/uploads\/2022\/09\/site_110_400x0.png 400w, https:\/\/lambert74.toutfaire.fr\/wp-content\/uploads\/2022\/09\/site_110_400x0-300x225.png 300w\" sizes=\"(max-width: 400px) 100vw, 400px\" \/><\/figure>\n<\/figure>\n\n\n\n<h4 class=\"wp-block-heading\"><strong>Pav\u00e9 r\u00e9emploi porphyre<\/strong><\/h4>\n\n\n\n<figure class=\"wp-block-gallery has-nested-images columns-default is-cropped wp-block-gallery-6 is-layout-flex wp-block-gallery-is-layout-flex\">\n<figure class=\"wp-block-image size-large\"><img loading=\"lazy\" decoding=\"async\" width=\"773\" height=\"400\" data-id=\"657\" src=\"http:\/\/lambert74.toutfaire.fr\/wp-content\/uploads\/2022\/09\/sans_titre_3.png\" alt=\"\" class=\"wp-image-657\" srcset=\"https:\/\/lambert74.toutfaire.fr\/wp-content\/uploads\/2022\/09\/sans_titre_3.png 773w, https:\/\/lambert74.toutfaire.fr\/wp-content\/uploads\/2022\/09\/sans_titre_3-300x155.png 300w, https:\/\/lambert74.toutfaire.fr\/wp-content\/uploads\/2022\/09\/sans_titre_3-768x397.png 768w\" sizes=\"(max-width: 773px) 100vw, 773px\" \/><\/figure>\n\n\n\n<figure class=\"wp-block-image size-large\"><img loading=\"lazy\" decoding=\"async\" width=\"300\" height=\"125\" data-id=\"656\" src=\"http:\/\/lambert74.toutfaire.fr\/wp-content\/uploads\/2022\/09\/sans_titre_4.png\" alt=\"\" class=\"wp-image-656\"\/><\/figure>\n\n\n\n<figure class=\"wp-block-image size-large\"><img loading=\"lazy\" decoding=\"async\" width=\"300\" height=\"125\" data-id=\"655\" src=\"http:\/\/lambert74.toutfaire.fr\/wp-content\/uploads\/2022\/09\/sans_titre_5.png\" alt=\"\" class=\"wp-image-655\"\/><\/figure>\n<\/figure>\n\n\n\n<h4 class=\"wp-block-heading\"><strong>Pav\u00e9 r\u00e9emploi bleu<\/strong><\/h4>\n\n\n\n<figure class=\"wp-block-gallery has-nested-images columns-default is-cropped wp-block-gallery-7 is-layout-flex wp-block-gallery-is-layout-flex\">\n<figure class=\"wp-block-image size-large\"><img loading=\"lazy\" decoding=\"async\" width=\"773\" height=\"400\" data-id=\"660\" src=\"http:\/\/lambert74.toutfaire.fr\/wp-content\/uploads\/2022\/09\/sans_titre_6.png\" alt=\"\" class=\"wp-image-660\" srcset=\"https:\/\/lambert74.toutfaire.fr\/wp-content\/uploads\/2022\/09\/sans_titre_6.png 773w, https:\/\/lambert74.toutfaire.fr\/wp-content\/uploads\/2022\/09\/sans_titre_6-300x155.png 300w, https:\/\/lambert74.toutfaire.fr\/wp-content\/uploads\/2022\/09\/sans_titre_6-768x397.png 768w\" sizes=\"(max-width: 773px) 100vw, 773px\" \/><\/figure>\n\n\n\n<figure class=\"wp-block-image size-large\"><img loading=\"lazy\" decoding=\"async\" width=\"300\" height=\"125\" data-id=\"659\" src=\"http:\/\/lambert74.toutfaire.fr\/wp-content\/uploads\/2022\/09\/sans_titre_7.png\" alt=\"\" class=\"wp-image-659\"\/><\/figure>\n\n\n\n<figure class=\"wp-block-image size-large\"><img loading=\"lazy\" decoding=\"async\" width=\"300\" height=\"125\" data-id=\"658\" src=\"http:\/\/lambert74.toutfaire.fr\/wp-content\/uploads\/2022\/09\/sans_titre_8.png\" alt=\"\" class=\"wp-image-658\"\/><\/figure>\n<\/figure>\n\n\n\n<h4 class=\"wp-block-heading\"><strong>Pav\u00e9 r\u00e9emploi granit su\u00e9dois<\/strong><\/h4>\n\n\n\n<figure class=\"wp-block-gallery has-nested-images columns-default is-cropped wp-block-gallery-8 is-layout-flex wp-block-gallery-is-layout-flex\">\n<figure class=\"wp-block-image size-large\"><img loading=\"lazy\" decoding=\"async\" width=\"577\" height=\"400\" data-id=\"663\" src=\"http:\/\/lambert74.toutfaire.fr\/wp-content\/uploads\/2022\/09\/sans_titre_9.png\" alt=\"\" class=\"wp-image-663\" srcset=\"https:\/\/lambert74.toutfaire.fr\/wp-content\/uploads\/2022\/09\/sans_titre_9.png 577w, https:\/\/lambert74.toutfaire.fr\/wp-content\/uploads\/2022\/09\/sans_titre_9-300x208.png 300w\" sizes=\"(max-width: 577px) 100vw, 577px\" \/><\/figure>\n\n\n\n<figure class=\"wp-block-image size-large\"><img loading=\"lazy\" decoding=\"async\" width=\"300\" height=\"125\" data-id=\"662\" src=\"http:\/\/lambert74.toutfaire.fr\/wp-content\/uploads\/2022\/09\/sans_titre_10.png\" alt=\"\" class=\"wp-image-662\"\/><\/figure>\n\n\n\n<figure class=\"wp-block-image size-large\"><img loading=\"lazy\" decoding=\"async\" width=\"300\" height=\"125\" data-id=\"661\" src=\"http:\/\/lambert74.toutfaire.fr\/wp-content\/uploads\/2022\/09\/sans_titre_11.png\" alt=\"\" class=\"wp-image-661\"\/><\/figure>\n<\/figure>\n\n\n\n<h4 class=\"wp-block-heading\"><strong>Pav\u00e9 r\u00e9emploi sci\u00e9s<\/strong><\/h4>\n\n\n\n<figure class=\"wp-block-gallery has-nested-images columns-default is-cropped wp-block-gallery-9 is-layout-flex wp-block-gallery-is-layout-flex\">\n<figure class=\"wp-block-image size-large\"><img loading=\"lazy\" decoding=\"async\" width=\"773\" height=\"400\" data-id=\"666\" src=\"http:\/\/lambert74.toutfaire.fr\/wp-content\/uploads\/2022\/09\/sans_titre_12.png\" alt=\"\" class=\"wp-image-666\" srcset=\"https:\/\/lambert74.toutfaire.fr\/wp-content\/uploads\/2022\/09\/sans_titre_12.png 773w, https:\/\/lambert74.toutfaire.fr\/wp-content\/uploads\/2022\/09\/sans_titre_12-300x155.png 300w, https:\/\/lambert74.toutfaire.fr\/wp-content\/uploads\/2022\/09\/sans_titre_12-768x397.png 768w\" sizes=\"(max-width: 773px) 100vw, 773px\" \/><\/figure>\n\n\n\n<figure class=\"wp-block-image size-large\"><img loading=\"lazy\" decoding=\"async\" width=\"300\" height=\"125\" data-id=\"665\" src=\"http:\/\/lambert74.toutfaire.fr\/wp-content\/uploads\/2022\/09\/sans_titre_13.png\" alt=\"\" class=\"wp-image-665\"\/><\/figure>\n\n\n\n<figure class=\"wp-block-image size-large\"><img loading=\"lazy\" decoding=\"async\" width=\"300\" height=\"125\" data-id=\"664\" src=\"http:\/\/lambert74.toutfaire.fr\/wp-content\/uploads\/2022\/09\/sans_titre_14.png\" alt=\"\" class=\"wp-image-664\"\/><\/figure>\n<\/figure>\n\n\n\n<h4 class=\"wp-block-heading\"><strong>Pav\u00e9 r\u00e9emploi gr\u00e8s<\/strong><\/h4>\n\n\n\n<figure class=\"wp-block-gallery has-nested-images columns-default is-cropped wp-block-gallery-10 is-layout-flex wp-block-gallery-is-layout-flex\">\n<figure class=\"wp-block-image size-large\"><img loading=\"lazy\" decoding=\"async\" width=\"300\" height=\"125\" data-id=\"667\" src=\"http:\/\/lambert74.toutfaire.fr\/wp-content\/uploads\/2022\/09\/mosaiquesgres.gif\" alt=\"\" class=\"wp-image-667\"\/><\/figure>\n\n\n\n<figure class=\"wp-block-image size-large\"><img loading=\"lazy\" decoding=\"async\" width=\"300\" height=\"125\" data-id=\"668\" src=\"http:\/\/lambert74.toutfaire.fr\/wp-content\/uploads\/2022\/09\/oblonggres.jpg\" alt=\"\" class=\"wp-image-668\"\/><\/figure>\n\n\n\n<figure class=\"wp-block-image size-large\"><img loading=\"lazy\" decoding=\"async\" width=\"773\" height=\"400\" data-id=\"669\" src=\"http:\/\/lambert74.toutfaire.fr\/wp-content\/uploads\/2022\/09\/panoramagres.jpg\" alt=\"\" class=\"wp-image-669\" srcset=\"https:\/\/lambert74.toutfaire.fr\/wp-content\/uploads\/2022\/09\/panoramagres.jpg 773w, https:\/\/lambert74.toutfaire.fr\/wp-content\/uploads\/2022\/09\/panoramagres-300x155.jpg 300w, https:\/\/lambert74.toutfaire.fr\/wp-content\/uploads\/2022\/09\/panoramagres-768x397.jpg 768w\" sizes=\"(max-width: 773px) 100vw, 773px\" \/><\/figure>\n<\/figure>\n\n\n\n<h4 class=\"wp-block-heading\"><strong>Autres pav\u00e9s<\/strong><\/h4>\n\n\n\n<figure class=\"wp-block-image size-full\"><img loading=\"lazy\" decoding=\"async\" width=\"400\" height=\"300\" src=\"http:\/\/lambert74.toutfaire.fr\/wp-content\/uploads\/2022\/09\/pave_carrare_400x0.png\" alt=\"\" class=\"wp-image-670\" srcset=\"https:\/\/lambert74.toutfaire.fr\/wp-content\/uploads\/2022\/09\/pave_carrare_400x0.png 400w, https:\/\/lambert74.toutfaire.fr\/wp-content\/uploads\/2022\/09\/pave_carrare_400x0-300x225.png 300w\" sizes=\"(max-width: 400px) 100vw, 400px\" \/><\/figure>\n\n\n\n<h4 class=\"wp-block-heading\"><strong>Sch\u00e9ma de pose de pav\u00e9s<\/strong><\/h4>\n\n\n\n<figure class=\"wp-block-gallery has-nested-images columns-default is-cropped wp-block-gallery-11 is-layout-flex wp-block-gallery-is-layout-flex\">\n<figure class=\"wp-block-image size-large\"><img loading=\"lazy\" decoding=\"async\" width=\"280\" height=\"233\" data-id=\"673\" src=\"http:\/\/lambert74.toutfaire.fr\/wp-content\/uploads\/2022\/09\/schema_pose_arc_cercle_280x0.jpg\" alt=\"\" class=\"wp-image-673\"\/><\/figure>\n\n\n\n<figure class=\"wp-block-image size-large\"><img loading=\"lazy\" decoding=\"async\" width=\"280\" height=\"233\" data-id=\"672\" src=\"http:\/\/lambert74.toutfaire.fr\/wp-content\/uploads\/2022\/09\/schema_pose_coquille_ou_queue_de_paon_280x0.jpg\" alt=\"\" class=\"wp-image-672\"\/><\/figure>\n\n\n\n<figure class=\"wp-block-image size-large\"><img loading=\"lazy\" decoding=\"async\" width=\"280\" height=\"233\" data-id=\"671\" src=\"http:\/\/lambert74.toutfaire.fr\/wp-content\/uploads\/2022\/09\/schema_pose_eventail_280x0.jpg\" alt=\"\" class=\"wp-image-671\"\/><\/figure>\n<\/figure>\n","protected":false},"excerpt":{"rendered":"<p>Pav\u00e9 Pour vos acc\u00e8s, routes, trottoirs, parkings, le pav\u00e9 s\u2019adapte facilement \u00e0 tout environnement, qu\u2019il soit ancien, contemporain ou classique. Le pav\u00e9 peut \u00eatre un support carrossable ou pi\u00e9tonnier, et \u00e9pouse les diff\u00e9rentes formes et pentes &#8211;&nbsp;PAVES GRANIT (plusieurs coloris, dimensions et finitions possibles)&#8211;&nbsp;PAVES LUZERNE (plusieurs dimensions)&#8211;&nbsp;PAVES PORPHYRE (plusieurs dimensions)&#8211;&nbsp;PAVES QUARTZITE&#8211;&nbsp;PAVES ANCIENS ou \u00ab&nbsp;DE RUE [&hellip;]<\/p>\n","protected":false},"author":1,"featured_media":0,"parent":0,"menu_order":0,"comment_status":"closed","ping_status":"closed","template":"","meta":{"footnotes":""},"class_list":["post-617","page","type-page","status-publish","hentry"],"_links":{"self":[{"href":"https:\/\/lambert74.toutfaire.fr\/index.php?rest_route=\/wp\/v2\/pages\/617"}],"collection":[{"href":"https:\/\/lambert74.toutfaire.fr\/index.php?rest_route=\/wp\/v2\/pages"}],"about":[{"href":"https:\/\/lambert74.toutfaire.fr\/index.php?rest_route=\/wp\/v2\/types\/page"}],"author":[{"embeddable":true,"href":"https:\/\/lambert74.toutfaire.fr\/index.php?rest_route=\/wp\/v2\/users\/1"}],"replies":[{"embeddable":true,"href":"https:\/\/lambert74.toutfaire.fr\/index.php?rest_route=%2Fwp%2Fv2%2Fcomments&post=617"}],"version-history":[{"count":5,"href":"https:\/\/lambert74.toutfaire.fr\/index.php?rest_route=\/wp\/v2\/pages\/617\/revisions"}],"predecessor-version":[{"id":676,"href":"https:\/\/lambert74.toutfaire.fr\/index.php?rest_route=\/wp\/v2\/pages\/617\/revisions\/676"}],"wp:attachment":[{"href":"https:\/\/lambert74.toutfaire.fr\/index.php?rest_route=%2Fwp%2Fv2%2Fmedia&parent=617"}],"curies":[{"name":"wp","href":"https:\/\/api.w.org\/{rel}","templated":true}]}}