{"id":677,"date":"2022-09-20T17:19:25","date_gmt":"2022-09-20T15:19:25","guid":{"rendered":"http:\/\/lambert74.toutfaire.fr\/?page_id=677"},"modified":"2022-09-20T17:19:25","modified_gmt":"2022-09-20T15:19:25","slug":"bordure","status":"publish","type":"page","link":"https:\/\/lambert74.toutfaire.fr\/?page_id=677","title":{"rendered":"Bordure"},"content":{"rendered":"\n<h1 class=\"wp-block-heading\">Bordure<\/h1>\n\n\n\n<p>Dans le but de d\u00e9limiter vos terrasses, cours\u2026<\/p>\n\n\n\n<p>&#8211; GRANIT JAUNE (8*20 1ml)<br>&#8211; GRANIT GRIS (8*20 14*25 18*25 1ml)<br>&#8211; GRANIT PORPHYRE (8*20 1ml)<\/p>\n\n\n\n<h4 class=\"wp-block-heading\"><strong>Granit jaune<\/strong><\/h4>\n\n\n\n<figure class=\"wp-block-gallery has-nested-images columns-default is-cropped wp-block-gallery-1 is-layout-flex wp-block-gallery-is-layout-flex\">\n<figure class=\"wp-block-image size-large\"><img loading=\"lazy\" decoding=\"async\" width=\"350\" height=\"466\" data-id=\"681\" src=\"http:\/\/lambert74.toutfaire.fr\/wp-content\/uploads\/2022\/09\/site_054_350x0.png\" alt=\"\" class=\"wp-image-681\" srcset=\"https:\/\/lambert74.toutfaire.fr\/wp-content\/uploads\/2022\/09\/site_054_350x0.png 350w, https:\/\/lambert74.toutfaire.fr\/wp-content\/uploads\/2022\/09\/site_054_350x0-225x300.png 225w\" sizes=\"(max-width: 350px) 100vw, 350px\" \/><figcaption>Conditionnement des bordures<\/figcaption><\/figure>\n\n\n\n<figure class=\"wp-block-image size-large\"><img loading=\"lazy\" decoding=\"async\" width=\"400\" height=\"300\" data-id=\"679\" src=\"http:\/\/lambert74.toutfaire.fr\/wp-content\/uploads\/2022\/09\/site_056_400x0.jpg\" alt=\"\" class=\"wp-image-679\" srcset=\"https:\/\/lambert74.toutfaire.fr\/wp-content\/uploads\/2022\/09\/site_056_400x0.jpg 400w, https:\/\/lambert74.toutfaire.fr\/wp-content\/uploads\/2022\/09\/site_056_400x0-300x225.jpg 300w\" sizes=\"(max-width: 400px) 100vw, 400px\" \/><figcaption>Couleur du granit jaune<\/figcaption><\/figure>\n\n\n\n<figure class=\"wp-block-image size-large\"><img loading=\"lazy\" decoding=\"async\" width=\"350\" height=\"262\" data-id=\"680\" src=\"http:\/\/lambert74.toutfaire.fr\/wp-content\/uploads\/2022\/09\/bordure_granit_jaune_sable_8x20x100_350x0.png\" alt=\"\" class=\"wp-image-680\" srcset=\"https:\/\/lambert74.toutfaire.fr\/wp-content\/uploads\/2022\/09\/bordure_granit_jaune_sable_8x20x100_350x0.png 350w, https:\/\/lambert74.toutfaire.fr\/wp-content\/uploads\/2022\/09\/bordure_granit_jaune_sable_8x20x100_350x0-300x225.png 300w\" sizes=\"(max-width: 350px) 100vw, 350px\" \/><figcaption>Bordure granit jaune sable 8x20x100<\/figcaption><\/figure>\n\n\n\n<figure class=\"wp-block-image size-large\"><img loading=\"lazy\" decoding=\"async\" width=\"350\" height=\"262\" data-id=\"678\" src=\"http:\/\/lambert74.toutfaire.fr\/wp-content\/uploads\/2022\/09\/bordure__granit_jaune_sable_8x20x100_350x0.png\" alt=\"\" class=\"wp-image-678\" srcset=\"https:\/\/lambert74.toutfaire.fr\/wp-content\/uploads\/2022\/09\/bordure__granit_jaune_sable_8x20x100_350x0.png 350w, https:\/\/lambert74.toutfaire.fr\/wp-content\/uploads\/2022\/09\/bordure__granit_jaune_sable_8x20x100_350x0-300x225.png 300w\" sizes=\"(max-width: 350px) 100vw, 350px\" \/><figcaption>Bordure granit jaune sable 8x20x100<\/figcaption><\/figure>\n<\/figure>\n\n\n\n<h4 class=\"wp-block-heading\"><strong>Granit gris<\/strong><\/h4>\n\n\n\n<figure class=\"wp-block-gallery has-nested-images columns-default is-cropped wp-block-gallery-2 is-layout-flex wp-block-gallery-is-layout-flex\">\n<figure class=\"wp-block-image size-large\"><img loading=\"lazy\" decoding=\"async\" width=\"300\" height=\"225\" data-id=\"685\" src=\"http:\/\/lambert74.toutfaire.fr\/wp-content\/uploads\/2022\/09\/granit_gris_300x0.png\" alt=\"\" class=\"wp-image-685\"\/><figcaption>Granit gris<\/figcaption><\/figure>\n\n\n\n<figure class=\"wp-block-image size-large\"><img loading=\"lazy\" decoding=\"async\" width=\"300\" height=\"225\" data-id=\"683\" src=\"http:\/\/lambert74.toutfaire.fr\/wp-content\/uploads\/2022\/09\/site_4_300x0.png\" alt=\"\" class=\"wp-image-683\"\/><figcaption>Granit gris 80x20x100 cm 14x25x100cm 18x25x100cm<\/figcaption><\/figure>\n\n\n\n<figure class=\"wp-block-image size-large\"><img loading=\"lazy\" decoding=\"async\" width=\"300\" height=\"225\" data-id=\"687\" src=\"http:\/\/lambert74.toutfaire.fr\/wp-content\/uploads\/2022\/09\/site_055_300x0.png\" alt=\"\" class=\"wp-image-687\"\/><figcaption>Couleur granit gris<\/figcaption><\/figure>\n\n\n\n<figure class=\"wp-block-image size-large\"><img loading=\"lazy\" decoding=\"async\" width=\"300\" height=\"225\" data-id=\"682\" src=\"http:\/\/lambert74.toutfaire.fr\/wp-content\/uploads\/2022\/09\/site_060_300x0.jpg\" alt=\"\" class=\"wp-image-682\"\/><figcaption>Bordure granit gris 10X20X100 cm<\/figcaption><\/figure>\n\n\n\n<figure class=\"wp-block-image size-large\"><img loading=\"lazy\" decoding=\"async\" width=\"300\" height=\"225\" data-id=\"684\" src=\"http:\/\/lambert74.toutfaire.fr\/wp-content\/uploads\/2022\/09\/site_061_300x0.png\" alt=\"\" class=\"wp-image-684\"\/><figcaption>Bordure granit gris T2<\/figcaption><\/figure>\n\n\n\n<figure class=\"wp-block-image size-large\"><img loading=\"lazy\" decoding=\"async\" width=\"300\" height=\"225\" data-id=\"686\" src=\"http:\/\/lambert74.toutfaire.fr\/wp-content\/uploads\/2022\/09\/site_062_300x0.png\" alt=\"\" class=\"wp-image-686\"\/><figcaption>Bordure granit gris 20X40X100 cm<\/figcaption><\/figure>\n<\/figure>\n\n\n\n<h4 class=\"wp-block-heading\"><strong>Petit granit<\/strong><\/h4>\n\n\n\n<figure class=\"wp-block-gallery has-nested-images columns-default is-cropped wp-block-gallery-3 is-layout-flex wp-block-gallery-is-layout-flex\">\n<figure class=\"wp-block-image size-large\"><img loading=\"lazy\" decoding=\"async\" width=\"300\" height=\"125\" data-id=\"690\" src=\"http:\/\/lambert74.toutfaire.fr\/wp-content\/uploads\/2022\/09\/bordcamppgr.jpg\" alt=\"\" class=\"wp-image-690\"\/><\/figure>\n\n\n\n<figure class=\"wp-block-image size-large\"><img loading=\"lazy\" decoding=\"async\" width=\"300\" height=\"125\" data-id=\"688\" src=\"http:\/\/lambert74.toutfaire.fr\/wp-content\/uploads\/2022\/09\/bordpbrec2.jpg\" alt=\"\" class=\"wp-image-688\"\/><\/figure>\n\n\n\n<figure class=\"wp-block-image size-large\"><img loading=\"lazy\" decoding=\"async\" width=\"702\" height=\"400\" data-id=\"689\" src=\"http:\/\/lambert74.toutfaire.fr\/wp-content\/uploads\/2022\/09\/bordville.jpg\" alt=\"\" class=\"wp-image-689\" srcset=\"https:\/\/lambert74.toutfaire.fr\/wp-content\/uploads\/2022\/09\/bordville.jpg 702w, https:\/\/lambert74.toutfaire.fr\/wp-content\/uploads\/2022\/09\/bordville-300x171.jpg 300w\" sizes=\"(max-width: 702px) 100vw, 702px\" \/><\/figure>\n<\/figure>\n\n\n\n<h4 class=\"wp-block-heading\"><strong><strong>Granit porphyre<\/strong><\/strong><\/h4>\n\n\n\n<figure class=\"wp-block-gallery has-nested-images columns-default is-cropped wp-block-gallery-4 is-layout-flex wp-block-gallery-is-layout-flex\">\n<figure class=\"wp-block-image size-large\"><img loading=\"lazy\" decoding=\"async\" width=\"300\" height=\"125\" data-id=\"691\" src=\"http:\/\/lambert74.toutfaire.fr\/wp-content\/uploads\/2022\/09\/bordcampporph.jpg\" alt=\"\" class=\"wp-image-691\"\/><\/figure>\n\n\n\n<figure class=\"wp-block-image size-large\"><img loading=\"lazy\" decoding=\"async\" width=\"360\" height=\"360\" data-id=\"692\" src=\"http:\/\/lambert74.toutfaire.fr\/wp-content\/uploads\/2022\/09\/bordure_porphyre.jpg\" alt=\"\" class=\"wp-image-692\" srcset=\"https:\/\/lambert74.toutfaire.fr\/wp-content\/uploads\/2022\/09\/bordure_porphyre.jpg 360w, https:\/\/lambert74.toutfaire.fr\/wp-content\/uploads\/2022\/09\/bordure_porphyre-300x300.jpg 300w, https:\/\/lambert74.toutfaire.fr\/wp-content\/uploads\/2022\/09\/bordure_porphyre-150x150.jpg 150w\" sizes=\"(max-width: 360px) 100vw, 360px\" \/><\/figure>\n<\/figure>\n\n\n\n<h4 class=\"wp-block-heading\"><strong>Granit Tigre<\/strong><\/h4>\n\n\n\n<figure class=\"wp-block-gallery has-nested-images columns-default is-cropped wp-block-gallery-5 is-layout-flex wp-block-gallery-is-layout-flex\">\n<figure class=\"wp-block-image size-large\"><img loading=\"lazy\" decoding=\"async\" width=\"400\" height=\"300\" data-id=\"694\" src=\"http:\/\/lambert74.toutfaire.fr\/wp-content\/uploads\/2022\/09\/bordure_granit_tigre_8x20x100_400x0.png\" alt=\"\" class=\"wp-image-694\" srcset=\"https:\/\/lambert74.toutfaire.fr\/wp-content\/uploads\/2022\/09\/bordure_granit_tigre_8x20x100_400x0.png 400w, https:\/\/lambert74.toutfaire.fr\/wp-content\/uploads\/2022\/09\/bordure_granit_tigre_8x20x100_400x0-300x225.png 300w\" sizes=\"(max-width: 400px) 100vw, 400px\" \/><figcaption>Bordure granit tigre 8x20x100<\/figcaption><\/figure>\n\n\n\n<figure class=\"wp-block-image size-large\"><img loading=\"lazy\" decoding=\"async\" width=\"400\" height=\"300\" data-id=\"693\" src=\"http:\/\/lambert74.toutfaire.fr\/wp-content\/uploads\/2022\/09\/granit_tigre_400x0.png\" alt=\"\" class=\"wp-image-693\" srcset=\"https:\/\/lambert74.toutfaire.fr\/wp-content\/uploads\/2022\/09\/granit_tigre_400x0.png 400w, https:\/\/lambert74.toutfaire.fr\/wp-content\/uploads\/2022\/09\/granit_tigre_400x0-300x225.png 300w\" sizes=\"(max-width: 400px) 100vw, 400px\" \/><\/figure>\n<\/figure>\n\n\n\n<h4 class=\"wp-block-heading\"><strong>Gr\u00e8s<\/strong><\/h4>\n\n\n\n<figure class=\"wp-block-image size-full\"><img loading=\"lazy\" decoding=\"async\" width=\"300\" height=\"125\" src=\"http:\/\/lambert74.toutfaire.fr\/wp-content\/uploads\/2022\/09\/bordcampgr.jpg\" alt=\"\" class=\"wp-image-695\"\/><\/figure>\n\n\n\n<p><strong><em>La pierre est un mat\u00e9riau naturel, elle pr\u00e9sente des variations de couleur, de veinage et de texture. Les photographies d\u00e9finissent la tonalit\u00e9 g\u00e9n\u00e9rale, mais n&rsquo;impliquent pas une parfaite identit\u00e9 d&rsquo;aspect avec la fourniture livr\u00e9e.<\/em><\/strong><\/p>\n","protected":false},"excerpt":{"rendered":"<p>Bordure Dans le but de d\u00e9limiter vos terrasses, cours\u2026 &#8211; GRANIT JAUNE (8*20 1ml)&#8211; GRANIT GRIS (8*20 14*25 18*25 1ml)&#8211; GRANIT PORPHYRE (8*20 1ml) Granit jaune Granit gris Petit granit Granit porphyre Granit Tigre Gr\u00e8s La pierre est un mat\u00e9riau naturel, elle pr\u00e9sente des variations de couleur, de veinage et de texture. Les photographies d\u00e9finissent [&hellip;]<\/p>\n","protected":false},"author":1,"featured_media":0,"parent":0,"menu_order":0,"comment_status":"closed","ping_status":"closed","template":"","meta":{"footnotes":""},"class_list":["post-677","page","type-page","status-publish","hentry"],"_links":{"self":[{"href":"https:\/\/lambert74.toutfaire.fr\/index.php?rest_route=\/wp\/v2\/pages\/677"}],"collection":[{"href":"https:\/\/lambert74.toutfaire.fr\/index.php?rest_route=\/wp\/v2\/pages"}],"about":[{"href":"https:\/\/lambert74.toutfaire.fr\/index.php?rest_route=\/wp\/v2\/types\/page"}],"author":[{"embeddable":true,"href":"https:\/\/lambert74.toutfaire.fr\/index.php?rest_route=\/wp\/v2\/users\/1"}],"replies":[{"embeddable":true,"href":"https:\/\/lambert74.toutfaire.fr\/index.php?rest_route=%2Fwp%2Fv2%2Fcomments&post=677"}],"version-history":[{"count":1,"href":"https:\/\/lambert74.toutfaire.fr\/index.php?rest_route=\/wp\/v2\/pages\/677\/revisions"}],"predecessor-version":[{"id":696,"href":"https:\/\/lambert74.toutfaire.fr\/index.php?rest_route=\/wp\/v2\/pages\/677\/revisions\/696"}],"wp:attachment":[{"href":"https:\/\/lambert74.toutfaire.fr\/index.php?rest_route=%2Fwp%2Fv2%2Fmedia&parent=677"}],"curies":[{"name":"wp","href":"https:\/\/api.w.org\/{rel}","templated":true}]}}